
{"id":179334,"date":"2026-01-30T17:47:16","date_gmt":"2026-01-30T16:47:16","guid":{"rendered":"https:\/\/hfcdelivery.nl\/product\/cigkofte-box-large-1000-gram\/"},"modified":"2026-02-15T18:34:49","modified_gmt":"2026-02-15T17:34:49","slug":"cigkofte-box-large-1000-gram","status":"publish","type":"product","link":"https:\/\/hfcdelivery.nl\/en\/product\/cigkofte-box-large-1000-gram\/","title":{"rendered":"\u00c7i\u011fk\u00f6fte box large 1000 gram"},"content":{"rendered":"<p>Inclusief, 6 lavash, 2 medium salade boxen en 8 sauzen naar keuze<\/p>","protected":false},"excerpt":{"rendered":"<p>Inclusief, 6 lavash, 2 medium salade boxen en 8 sauzen naar keuze<\/p>","protected":false},"featured_media":180715,"comment_status":"open","ping_status":"closed","template":"","meta":{"_acf_changed":false},"product_brand":[],"product_cat":[2761,2776],"product_tag":[],"class_list":{"0":"post-179334","1":"product","2":"type-product","3":"status-publish","4":"has-post-thumbnail","6":"product_cat-geen-categorie","7":"product_cat-vegancigkofteboxen","9":"first","10":"instock","11":"shipping-taxable","12":"purchasable","13":"product-type-simple"},"acf":[],"_links":{"self":[{"href":"https:\/\/hfcdelivery.nl\/en\/wp-json\/wp\/v2\/product\/179334","targetHints":{"allow":["GET"]}}],"collection":[{"href":"https:\/\/hfcdelivery.nl\/en\/wp-json\/wp\/v2\/product"}],"about":[{"href":"https:\/\/hfcdelivery.nl\/en\/wp-json\/wp\/v2\/types\/product"}],"replies":[{"embeddable":true,"href":"https:\/\/hfcdelivery.nl\/en\/wp-json\/wp\/v2\/comments?post=179334"}],"wp:featuredmedia":[{"embeddable":true,"href":"https:\/\/hfcdelivery.nl\/en\/wp-json\/wp\/v2\/media\/180715"}],"wp:attachment":[{"href":"https:\/\/hfcdelivery.nl\/en\/wp-json\/wp\/v2\/media?parent=179334"}],"wp:term":[{"taxonomy":"product_brand","embeddable":true,"href":"https:\/\/hfcdelivery.nl\/en\/wp-json\/wp\/v2\/product_brand?post=179334"},{"taxonomy":"product_cat","embeddable":true,"href":"https:\/\/hfcdelivery.nl\/en\/wp-json\/wp\/v2\/product_cat?post=179334"},{"taxonomy":"product_tag","embeddable":true,"href":"https:\/\/hfcdelivery.nl\/en\/wp-json\/wp\/v2\/product_tag?post=179334"}],"curies":[{"name":"wp","href":"https:\/\/api.w.org\/{rel}","templated":true}]}}