
{"id":179332,"date":"2026-01-30T17:47:15","date_gmt":"2026-01-30T16:47:15","guid":{"rendered":"https:\/\/hfcdelivery.nl\/product\/cigkofte-box-medium-500-gram\/"},"modified":"2026-02-15T18:34:48","modified_gmt":"2026-02-15T17:34:48","slug":"cigkofte-box-medium-500-gram","status":"publish","type":"product","link":"https:\/\/hfcdelivery.nl\/en\/product\/cigkofte-box-medium-500-gram\/","title":{"rendered":"\u00c7i\u011fk\u00f6fte box medium 500 gram"},"content":{"rendered":"<p>Inclusief 3 lavash, 1 medium salade box en 4 sauzen naar keuze<\/p>","protected":false},"excerpt":{"rendered":"<p>Inclusief 3 lavash, 1 medium salade box en 4 sauzen naar keuze<\/p>","protected":false},"featured_media":180714,"comment_status":"open","ping_status":"closed","template":"","meta":{"_acf_changed":false},"product_brand":[],"product_cat":[2761,2776],"product_tag":[],"class_list":{"0":"post-179332","1":"product","2":"type-product","3":"status-publish","4":"has-post-thumbnail","6":"product_cat-geen-categorie","7":"product_cat-vegancigkofteboxen","9":"first","10":"instock","11":"shipping-taxable","12":"purchasable","13":"product-type-simple"},"acf":[],"_links":{"self":[{"href":"https:\/\/hfcdelivery.nl\/en\/wp-json\/wp\/v2\/product\/179332","targetHints":{"allow":["GET"]}}],"collection":[{"href":"https:\/\/hfcdelivery.nl\/en\/wp-json\/wp\/v2\/product"}],"about":[{"href":"https:\/\/hfcdelivery.nl\/en\/wp-json\/wp\/v2\/types\/product"}],"replies":[{"embeddable":true,"href":"https:\/\/hfcdelivery.nl\/en\/wp-json\/wp\/v2\/comments?post=179332"}],"wp:featuredmedia":[{"embeddable":true,"href":"https:\/\/hfcdelivery.nl\/en\/wp-json\/wp\/v2\/media\/180714"}],"wp:attachment":[{"href":"https:\/\/hfcdelivery.nl\/en\/wp-json\/wp\/v2\/media?parent=179332"}],"wp:term":[{"taxonomy":"product_brand","embeddable":true,"href":"https:\/\/hfcdelivery.nl\/en\/wp-json\/wp\/v2\/product_brand?post=179332"},{"taxonomy":"product_cat","embeddable":true,"href":"https:\/\/hfcdelivery.nl\/en\/wp-json\/wp\/v2\/product_cat?post=179332"},{"taxonomy":"product_tag","embeddable":true,"href":"https:\/\/hfcdelivery.nl\/en\/wp-json\/wp\/v2\/product_tag?post=179332"}],"curies":[{"name":"wp","href":"https:\/\/api.w.org\/{rel}","templated":true}]}}