
{"id":179319,"date":"2026-01-30T17:47:12","date_gmt":"2026-01-30T16:47:12","guid":{"rendered":"https:\/\/hfcdelivery.nl\/product\/cigkofte-box-small-250-gram\/"},"modified":"2026-02-15T18:34:46","modified_gmt":"2026-02-15T17:34:46","slug":"cigkofte-box-small-250-gram","status":"publish","type":"product","link":"https:\/\/hfcdelivery.nl\/en\/product\/cigkofte-box-small-250-gram\/","title":{"rendered":"\u00c7i\u011fk\u00f6fte box small 250 gram"},"content":{"rendered":"<p>Inclusief 2 lavash, 1 small salade box en 2 sauzen naar keuze<\/p>","protected":false},"excerpt":{"rendered":"<p>Inclusief 2 lavash, 1 small salade box en 2 sauzen naar keuze<\/p>","protected":false},"featured_media":180712,"comment_status":"open","ping_status":"closed","template":"","meta":{"_acf_changed":false},"product_brand":[],"product_cat":[2761,2776],"product_tag":[],"class_list":{"0":"post-179319","1":"product","2":"type-product","3":"status-publish","4":"has-post-thumbnail","6":"product_cat-geen-categorie","7":"product_cat-vegancigkofteboxen","9":"first","10":"instock","11":"shipping-taxable","12":"purchasable","13":"product-type-simple"},"acf":[],"_links":{"self":[{"href":"https:\/\/hfcdelivery.nl\/en\/wp-json\/wp\/v2\/product\/179319","targetHints":{"allow":["GET"]}}],"collection":[{"href":"https:\/\/hfcdelivery.nl\/en\/wp-json\/wp\/v2\/product"}],"about":[{"href":"https:\/\/hfcdelivery.nl\/en\/wp-json\/wp\/v2\/types\/product"}],"replies":[{"embeddable":true,"href":"https:\/\/hfcdelivery.nl\/en\/wp-json\/wp\/v2\/comments?post=179319"}],"wp:featuredmedia":[{"embeddable":true,"href":"https:\/\/hfcdelivery.nl\/en\/wp-json\/wp\/v2\/media\/180712"}],"wp:attachment":[{"href":"https:\/\/hfcdelivery.nl\/en\/wp-json\/wp\/v2\/media?parent=179319"}],"wp:term":[{"taxonomy":"product_brand","embeddable":true,"href":"https:\/\/hfcdelivery.nl\/en\/wp-json\/wp\/v2\/product_brand?post=179319"},{"taxonomy":"product_cat","embeddable":true,"href":"https:\/\/hfcdelivery.nl\/en\/wp-json\/wp\/v2\/product_cat?post=179319"},{"taxonomy":"product_tag","embeddable":true,"href":"https:\/\/hfcdelivery.nl\/en\/wp-json\/wp\/v2\/product_tag?post=179319"}],"curies":[{"name":"wp","href":"https:\/\/api.w.org\/{rel}","templated":true}]}}